{"id":1173,"date":"2021-06-15T22:18:23","date_gmt":"2021-06-15T20:18:23","guid":{"rendered":"https:\/\/mvic.fr\/?page_id=1173"},"modified":"2024-08-01T17:52:50","modified_gmt":"2024-08-01T15:52:50","slug":"partenariats","status":"publish","type":"page","link":"https:\/\/mvic.fr\/?page_id=1173","title":{"rendered":"Partenariats"},"content":{"rendered":"\n<p>Voici deux talentueux confr\u00e8res pal\u00e9ographes avec qui j&rsquo;ai plaisir \u00e0 \u00e9changer sur notre passion commune.<br><br><br><\/p>\n\n\n\n<div class=\"wp-block-media-text alignwide is-stacked-on-mobile\" style=\"grid-template-columns:19% auto\"><figure class=\"wp-block-media-text__media\"><img loading=\"lazy\" decoding=\"async\" width=\"300\" height=\"244\" src=\"https:\/\/mvic.fr\/wp-content\/uploads\/2021\/06\/JF-Viel.png\" alt=\"\" class=\"wp-image-1174 size-full\" srcset=\"https:\/\/mvic.fr\/wp-content\/uploads\/2021\/06\/JF-Viel.png 300w, https:\/\/mvic.fr\/wp-content\/uploads\/2021\/06\/JF-Viel-150x122.png 150w, https:\/\/mvic.fr\/wp-content\/uploads\/2021\/06\/JF-Viel-220x180.png 220w\" sizes=\"(max-width: 300px) 100vw, 300px\" \/><\/figure><div class=\"wp-block-media-text__content\">\n<p><strong>Jean-Fran\u00e7ois Viel<br><\/strong>Ami des r\u00e9seaux depuis maintenant bien des ann\u00e9es, sa ma\u00eetrise scientifique et m\u00e9thodique de la pal\u00e9ographie ainsi que sa clairvoyance ne cessent de me surprendre.<br><a href=\"https:\/\/www.paleographie.site\/\">https:\/\/www.paleographie.site\/<\/a><\/p>\n<\/div><\/div>\n\n\n\n<div style=\"height:50px\" aria-hidden=\"true\" class=\"wp-block-spacer\"><\/div>\n\n\n\n<hr class=\"wp-block-separator has-css-opacity\"\/>\n\n\n\n<div style=\"height:50px\" aria-hidden=\"true\" class=\"wp-block-spacer\"><\/div>\n\n\n\n<div class=\"wp-block-media-text alignwide is-stacked-on-mobile\" style=\"grid-template-columns:19% auto\"><figure class=\"wp-block-media-text__media\"><img loading=\"lazy\" decoding=\"async\" width=\"349\" height=\"387\" src=\"https:\/\/mvic.fr\/wp-content\/uploads\/2021\/06\/Baptiste-Etienne.png\" alt=\"\" class=\"wp-image-1176 size-full\" srcset=\"https:\/\/mvic.fr\/wp-content\/uploads\/2021\/06\/Baptiste-Etienne.png 349w, https:\/\/mvic.fr\/wp-content\/uploads\/2021\/06\/Baptiste-Etienne-271x300.png 271w, https:\/\/mvic.fr\/wp-content\/uploads\/2021\/06\/Baptiste-Etienne-135x150.png 135w, https:\/\/mvic.fr\/wp-content\/uploads\/2021\/06\/Baptiste-Etienne-300x333.png 300w\" sizes=\"(max-width: 349px) 100vw, 349px\" \/><\/figure><div class=\"wp-block-media-text__content\">\n<p><strong>Baptiste Etienne<\/strong><br>Jeune docteur en Histoire, passionn\u00e9, il d\u00e9montre de formidables capacit\u00e9s dans bien des domaines par l&rsquo;excellence de son travail.<br><a href=\"http:\/\/www.baptistetienne.fr\/\">http:\/\/www.baptistetienne.fr\/<\/a><\/p>\n<\/div><\/div>\n\n\n\n<div style=\"height:50px\" aria-hidden=\"true\" class=\"wp-block-spacer\"><\/div>\n\n\n\n<hr class=\"wp-block-separator has-css-opacity\"\/>\n<script type=\"text\/javascript\"> toolTips('.classtoolTips13','ains = mais, mais plut\u00f4t'); <\/script><script type=\"text\/javascript\"> toolTips('.classtoolTips13','ains = mais, mais plut\u00f4t'); <\/script>","protected":false},"excerpt":{"rendered":"<p>Voici deux talentueux confr\u00e8res pal\u00e9ographes avec qui j&rsquo;ai plaisir \u00e0 \u00e9changer sur notre passion commune. Jean-Fran\u00e7ois VielAmi des r\u00e9seaux depuis maintenant bien des ann\u00e9es, sa ma\u00eetrise scientifique et m\u00e9thodique de la pal\u00e9ographie ainsi que sa clairvoyance ne cessent de me surprendre.https:\/\/www.paleographie.site\/ Baptiste EtienneJeune docteur en Histoire, passionn\u00e9, il d\u00e9montre de formidables capacit\u00e9s dans bien des ..<\/p>\n<div class=\"clear-fix\"><\/div>\n<p><a href=\"https:\/\/mvic.fr\/?page_id=1173\" title=\"Lire la suite...\">Lire la suite<\/a><\/p>\n","protected":false},"author":1,"featured_media":0,"parent":0,"menu_order":0,"comment_status":"closed","ping_status":"closed","template":"","meta":{"footnotes":""},"folder":[],"class_list":["post-1173","page","type-page","status-publish","hentry"],"_links":{"self":[{"href":"https:\/\/mvic.fr\/index.php?rest_route=\/wp\/v2\/pages\/1173"}],"collection":[{"href":"https:\/\/mvic.fr\/index.php?rest_route=\/wp\/v2\/pages"}],"about":[{"href":"https:\/\/mvic.fr\/index.php?rest_route=\/wp\/v2\/types\/page"}],"author":[{"embeddable":true,"href":"https:\/\/mvic.fr\/index.php?rest_route=\/wp\/v2\/users\/1"}],"replies":[{"embeddable":true,"href":"https:\/\/mvic.fr\/index.php?rest_route=%2Fwp%2Fv2%2Fcomments&post=1173"}],"version-history":[{"count":19,"href":"https:\/\/mvic.fr\/index.php?rest_route=\/wp\/v2\/pages\/1173\/revisions"}],"predecessor-version":[{"id":1319,"href":"https:\/\/mvic.fr\/index.php?rest_route=\/wp\/v2\/pages\/1173\/revisions\/1319"}],"wp:attachment":[{"href":"https:\/\/mvic.fr\/index.php?rest_route=%2Fwp%2Fv2%2Fmedia&parent=1173"}],"wp:term":[{"taxonomy":"folder","embeddable":true,"href":"https:\/\/mvic.fr\/index.php?rest_route=%2Fwp%2Fv2%2Ffolder&post=1173"}],"curies":[{"name":"wp","href":"https:\/\/api.w.org\/{rel}","templated":true}]}}