{"id":36,"date":"2020-09-01T00:03:16","date_gmt":"2020-08-31T22:03:16","guid":{"rendered":"https:\/\/mvic.fr\/?page_id=36"},"modified":"2024-07-25T00:37:31","modified_gmt":"2024-07-24T22:37:31","slug":"accueil","status":"publish","type":"page","link":"https:\/\/mvic.fr\/","title":{"rendered":"Pal\u00e9ographie &#038; exploration d&rsquo;archives"},"content":{"rendered":"\n<blockquote class=\"wp-block-quote is-layout-flow wp-block-quote-is-layout-flow\"><p>\u00ab\u00a0Il n&rsquo;y a pas d&rsquo;histoire sans archives\u00a0\u00bb<\/p><\/blockquote>\n\n\n\n<p><br>Je vous invite \u00e0 d\u00e9couvrir ma passion et mon m\u00e9tier de pal\u00e9ographe en voyageant dans le temps. Vous trouverez ici un recueil de documents d&rsquo;archives originaux comment\u00e9s qui sont autant de t\u00e9moignages directs de l&rsquo;histoire locale des XVI<span class=\"exposant\">e<\/span> et XVII<span class=\"exposant\">e<\/span> si\u00e8cles, essentiellement dans le Gard.<\/p>\n\n\n\n<div class=\"wp-block-image\"><figure class=\"aligncenter size-large\"><img loading=\"lazy\" decoding=\"async\" width=\"307\" height=\"344\" src=\"https:\/\/mvic.fr\/wp-content\/uploads\/2020\/10\/registre.jpg\" alt=\"\" class=\"wp-image-270\" srcset=\"https:\/\/mvic.fr\/wp-content\/uploads\/2020\/10\/registre.jpg 307w, https:\/\/mvic.fr\/wp-content\/uploads\/2020\/10\/registre-268x300.jpg 268w, https:\/\/mvic.fr\/wp-content\/uploads\/2020\/10\/registre-134x150.jpg 134w, https:\/\/mvic.fr\/wp-content\/uploads\/2020\/10\/registre-300x336.jpg 300w\" sizes=\"(max-width: 307px) 100vw, 307px\" \/><figcaption>Registre des d\u00e9lib\u00e9rations des consuls de Sommi\u00e8res de 1512 \u00e0 1537<\/figcaption><\/figure><\/div>\n\n\n\n<p><strong>L&rsquo;exploration<\/strong> minutieuse et syst\u00e9matique des archives r\u00e9v\u00e8le les preuves pr\u00e9cises de notre histoire et nous aide \u00e0 comprendre les vestiges parvenus jusqu&rsquo;\u00e0 nous. Ces \u00e9crits anciens rec\u00e8lent de nombreux tr\u00e9sors d&rsquo;information qu&rsquo;il faut patiemment exhumer, d\u00e9crypter et replacer dans leur contexte pour reconstituer le plus fid\u00e8lement possible le pass\u00e9.<\/p>\n\n\n\n<p><br><strong>La pal\u00e9ographie<\/strong> (\u00e9tude et lecture des \u00e9critures anciennes) est l&rsquo;outil indispensable pour l&rsquo;exploration des archives \u00e0 cette p\u00e9riode. Les nombreux exemples montreront toute la difficult\u00e9 \u00e0 d\u00e9chiffrer la multitude de styles d&rsquo;\u00e9criture produits par des scribes plus ou moins appliqu\u00e9s.<br><br><\/p>\n\n\n\n<figure class=\"wp-block-image size-large\"><a href=\"https:\/\/mvic.fr\/wp-content\/uploads\/2020\/10\/Paleo-exemple.jpg\" class=\"gallery_colorbox\"><img loading=\"lazy\" decoding=\"async\" width=\"937\" height=\"375\" src=\"https:\/\/mvic.fr\/wp-content\/uploads\/2020\/10\/Paleo-exemple.jpg\"  alt=\"\" class=\"wp-image-306\" srcset=\"https:\/\/mvic.fr\/wp-content\/uploads\/2020\/10\/Paleo-exemple.jpg 937w, https:\/\/mvic.fr\/wp-content\/uploads\/2020\/10\/Paleo-exemple-300x120.jpg 300w, https:\/\/mvic.fr\/wp-content\/uploads\/2020\/10\/Paleo-exemple-768x307.jpg 768w, https:\/\/mvic.fr\/wp-content\/uploads\/2020\/10\/Paleo-exemple-150x60.jpg 150w\" sizes=\"(max-width: 937px) 100vw, 937px\" \/><\/a><figcaption>Exemple de belle \u00e9criture de 1542<\/figcaption><\/figure>\n\n\n\n<p><strong>Les transcriptions<\/strong> fid\u00e8les \u00e0 l&rsquo;original permettront d&rsquo;appr\u00e9cier la r\u00e9daction, l&rsquo;orthographe, la grammaire et le style de chacun d&rsquo;eux \u00e0 une \u00e9poque o\u00f9 le fran\u00e7ais n&rsquo;est pas la langue du peuple.<\/p>\n\n\n\n<p>Ce sont des fragments d&rsquo;histoire tels qu&rsquo;on nous les a transmis.<br><br><\/p>\n\n\n\n<h3 class=\"wp-block-heading\"><strong>MVIC ?<\/strong><\/h3>\n\n\n\n<p>Ces quatre lettres se prononcent &#8230; 1600 ! (M-VI-C), M pour Mille, VI pour le chiffre 6 et C pour Cent. Cette \u00e9criture des nombres est une libre adaptation de l&rsquo;\u00e9criture romaine tr\u00e8s utilis\u00e9e par les scribes de l&rsquo;\u00e9poque moderne (1600 se note MDC (1000+500+100) en chiffres romains).<\/p>\n\n\n\n<p>Une forme particuli\u00e8re du \u00ab\u00a0m initial\u00a0\u00bb, dont l&rsquo;origine remonte \u00e0 l&rsquo;\u00e9poque de l&rsquo;\u00e9criture onciale (III<span class=\"exposant\">e<\/span>-VIII<span class=\"exposant\">e<\/span> s.), est principalement employ\u00e9e au Moyen \u00c2ge pour l&rsquo;initiale du mot <em>mil <\/em>(millesimo en latin, mille) ou de l&rsquo;abr\u00e9viation de <em>maistre <\/em>(M<span class=\"exposant\">e<\/span>). Dans les si\u00e8cles suivants, ce \u00ab\u00a0m\u00a0\u00bb se d\u00e9forme pour finir par ressembler \u00e0 un \u00ab\u00a0g\u00a0\u00bb.<\/p>\n\n\n\n<div class=\"wp-block-columns nomargin is-layout-flex wp-container-core-columns-is-layout-1 wp-block-columns-is-layout-flex\">\n<div class=\"wp-block-column is-layout-flow wp-block-column-is-layout-flow\">\n<div class=\"wp-block-image\"><figure class=\"aligncenter size-large\"><img loading=\"lazy\" decoding=\"async\" width=\"140\" height=\"91\" src=\"https:\/\/mvic.fr\/wp-content\/uploads\/2021\/03\/MCC.jpg\" alt=\"\" class=\"wp-image-1090\"\/><figcaption>M . CC (1200)<\/figcaption><\/figure><\/div>\n<\/div>\n\n\n\n<div class=\"wp-block-column is-layout-flow wp-block-column-is-layout-flow\">\n<div class=\"wp-block-image\"><figure class=\"aligncenter size-large\"><img loading=\"lazy\" decoding=\"async\" width=\"140\" height=\"107\" src=\"https:\/\/mvic.fr\/wp-content\/uploads\/2021\/03\/MVIC-NB-1.jpg\" alt=\"\" class=\"wp-image-1091\"\/><figcaption>M VI C (1600)<\/figcaption><\/figure><\/div>\n<\/div>\n<\/div>\n\n\n\n<p>Cette graphie se retrouve dans de nombreux documents du XVII<span class=\"exposant\">e<\/span> si\u00e8cle pour exprimer l&rsquo;ann\u00e9e en cours. L&rsquo;assemblage des quatre lettres aux nombreuses d\u00e9clinaisons plus ou moins reconnaissables s&rsquo;est finalement transform\u00e9 en un id\u00e9ogramme caract\u00e9ristique de ce si\u00e8cle. <\/p>\n\n\n\n<div class=\"wp-block-image\"><figure class=\"aligncenter size-large\"><img loading=\"lazy\" decoding=\"async\" width=\"730\" height=\"539\" src=\"https:\/\/mvic.fr\/wp-content\/uploads\/2022\/09\/MVIC-exemples.jpg\" alt=\"\" class=\"wp-image-1222\" srcset=\"https:\/\/mvic.fr\/wp-content\/uploads\/2022\/09\/MVIC-exemples.jpg 730w, https:\/\/mvic.fr\/wp-content\/uploads\/2022\/09\/MVIC-exemples-300x222.jpg 300w, https:\/\/mvic.fr\/wp-content\/uploads\/2022\/09\/MVIC-exemples-150x111.jpg 150w\" sizes=\"(max-width: 730px) 100vw, 730px\" \/><\/figure><\/div>\n\n\n\n<div style=\"height:20px\" aria-hidden=\"true\" class=\"wp-block-spacer\"><\/div>\n\n\n\n<p>Ce symbolique MVI<span class=\"exposant\">C<\/span> marque l&rsquo;ann\u00e9e charni\u00e8re de cette p\u00e9riode entre 1500 et 1700 qui me fascine par la richesse de ses archives que j&rsquo;explore inlassablement en qu\u00eate d&rsquo;histoire.<\/p>\n\n\n\n<p><br>Nicolas LAWRIW<\/p>\n\n\n\n<div style=\"height:140px\" aria-hidden=\"true\" class=\"wp-block-spacer\"><\/div>\n<script type=\"text\/javascript\"> toolTips('.classtoolTips13','ains = mais, mais plut\u00f4t'); <\/script><script type=\"text\/javascript\"> toolTips('.classtoolTips13','ains = mais, mais plut\u00f4t'); <\/script>","protected":false},"excerpt":{"rendered":"<p>\u00ab\u00a0Il n&rsquo;y a pas d&rsquo;histoire sans archives\u00a0\u00bb Je vous invite \u00e0 d\u00e9couvrir ma passion et mon m\u00e9tier de pal\u00e9ographe en voyageant dans le temps. Vous trouverez ici un recueil de documents d&rsquo;archives originaux comment\u00e9s qui sont autant de t\u00e9moignages directs de l&rsquo;histoire locale des XVIe et XVIIe si\u00e8cles, essentiellement dans le Gard. L&rsquo;exploration minutieuse et ..<\/p>\n<div class=\"clear-fix\"><\/div>\n<p><a href=\"https:\/\/mvic.fr\/\" title=\"Lire la suite...\">Lire la suite<\/a><\/p>\n","protected":false},"author":1,"featured_media":0,"parent":0,"menu_order":0,"comment_status":"closed","ping_status":"closed","template":"","meta":{"footnotes":""},"folder":[],"class_list":["post-36","page","type-page","status-publish","hentry"],"_links":{"self":[{"href":"https:\/\/mvic.fr\/index.php?rest_route=\/wp\/v2\/pages\/36"}],"collection":[{"href":"https:\/\/mvic.fr\/index.php?rest_route=\/wp\/v2\/pages"}],"about":[{"href":"https:\/\/mvic.fr\/index.php?rest_route=\/wp\/v2\/types\/page"}],"author":[{"embeddable":true,"href":"https:\/\/mvic.fr\/index.php?rest_route=\/wp\/v2\/users\/1"}],"replies":[{"embeddable":true,"href":"https:\/\/mvic.fr\/index.php?rest_route=%2Fwp%2Fv2%2Fcomments&post=36"}],"version-history":[{"count":20,"href":"https:\/\/mvic.fr\/index.php?rest_route=\/wp\/v2\/pages\/36\/revisions"}],"predecessor-version":[{"id":1267,"href":"https:\/\/mvic.fr\/index.php?rest_route=\/wp\/v2\/pages\/36\/revisions\/1267"}],"wp:attachment":[{"href":"https:\/\/mvic.fr\/index.php?rest_route=%2Fwp%2Fv2%2Fmedia&parent=36"}],"wp:term":[{"taxonomy":"folder","embeddable":true,"href":"https:\/\/mvic.fr\/index.php?rest_route=%2Fwp%2Fv2%2Ffolder&post=36"}],"curies":[{"name":"wp","href":"https:\/\/api.w.org\/{rel}","templated":true}]}}