{"id":997,"date":"2021-03-05T23:41:17","date_gmt":"2021-03-05T22:41:17","guid":{"rendered":"https:\/\/mvic.fr\/?page_id=997"},"modified":"2024-12-26T20:18:04","modified_gmt":"2024-12-26T19:18:04","slug":"mon-experience-a-votre-service","status":"publish","type":"page","link":"https:\/\/mvic.fr\/?page_id=997","title":{"rendered":"Mon exp\u00e9rience \u00e0 votre service"},"content":{"rendered":"\n<p>Plus on remonte le temps, plus il parait difficile de d\u00e9chiffrer l&rsquo;\u00e9criture manuscrite. Au-del\u00e0 du XVIIIe si\u00e8cle, le dessin des lettres n&rsquo;est plus le m\u00eame, c&rsquo;est le temps de l&rsquo;\u00e9criture gothique cursive. Notre vision entrain\u00e9e \u00e0 notre \u00e9criture moderne est incapable de reconna\u00eetre l&rsquo;encha\u00eenement de ses lettres aux multiples graphies. Les scribes les moins appliqu\u00e9s auront raison des efforts d\u00e9ploy\u00e9s \u00e0 deviner ce qui se cache sous leurs traits difformes.<\/p>\n\n\n\n<div class=\"wp-block-columns colonne-sans-marge margin0 is-layout-flex wp-container-core-columns-is-layout-1 wp-block-columns-is-layout-flex\">\n<div class=\"wp-block-column is-layout-flow wp-block-column-is-layout-flow\"><div class=\"wp-block-image\">\n<figure class=\"aligncenter size-large\"><img loading=\"lazy\" decoding=\"async\" width=\"180\" height=\"61\" src=\"https:\/\/mvic.fr\/wp-content\/uploads\/2021\/02\/mot_deniers.jpg\" alt=\"\" class=\"wp-image-1002\" srcset=\"https:\/\/mvic.fr\/wp-content\/uploads\/2021\/02\/mot_deniers.jpg 180w, https:\/\/mvic.fr\/wp-content\/uploads\/2021\/02\/mot_deniers-150x51.jpg 150w\" sizes=\"(max-width: 180px) 100vw, 180px\" \/><figcaption class=\"wp-element-caption\">deniers (1627)<\/figcaption><\/figure><\/div><\/div>\n\n\n\n<div class=\"wp-block-column is-layout-flow wp-block-column-is-layout-flow\"><div class=\"wp-block-image\">\n<figure class=\"aligncenter size-large\"><img loading=\"lazy\" decoding=\"async\" width=\"218\" height=\"61\" src=\"https:\/\/mvic.fr\/wp-content\/uploads\/2021\/02\/mot_vincens.jpg\" alt=\"\" class=\"wp-image-1004\" srcset=\"https:\/\/mvic.fr\/wp-content\/uploads\/2021\/02\/mot_vincens.jpg 218w, https:\/\/mvic.fr\/wp-content\/uploads\/2021\/02\/mot_vincens-150x42.jpg 150w\" sizes=\"(max-width: 218px) 100vw, 218px\" \/><figcaption class=\"wp-element-caption\">Vincens (1622)<\/figcaption><\/figure><\/div><\/div>\n<\/div>\n\n\n\n<h4 class=\"wp-block-heading\">Pal\u00e9ographie &#8211; Transcription de vos documents<\/h4>\n\n\n\n<p>Je mets \u00e0 votre service tout mon savoir-faire acquis apr\u00e8s d&rsquo;interminables heures pass\u00e9es \u00e0 analyser toutes les subtilit\u00e9s des \u00e9critures les plus ardues. Je r\u00e9alise la transcription de tous vos documents anciens en fran\u00e7ais en apportant un soin particulier \u00e0 l&rsquo;ensemble des travaux qui sont rendus, conform\u00e9ment aux exigences pr\u00e9alablement d\u00e9finies ensemble.<\/p>\n\n\n\n<p>La partie de ce site d\u00e9di\u00e9 \u00e0 quelques recherches sur l&rsquo;histoire locale permettent d&rsquo;\u00e9valuer mes comp\u00e9tences et tend \u00e0 d\u00e9montrer tout l&rsquo;int\u00e9r\u00eat de la ma\u00eetrise de la pal\u00e9ographie dans mon parcours.<br><br><\/p>\n\n\n\n<h4 class=\"wp-block-heading\">Conditions et tarifs<\/h4>\n\n\n\n<p>Le temps pass\u00e9 pour d\u00e9chiffrer un document ne peut \u00eatre \u00e9valu\u00e9 qu&rsquo;apr\u00e8s l&rsquo;analyse de celui-ci. Il n&rsquo;est pas possible de proposer des tarifs \u00e0 la carte tant il existe de nombreux facteurs qui en d\u00e9terminent la difficult\u00e9. Il est donc n\u00e9cessaire d&rsquo;\u00e9tablir un devis au cas par cas. Le calcul du co\u00fbt d&rsquo;une transcription est bas\u00e9 sur un taux horaire de 40 \u20ac. Le devis gratuit requiert une copie de l&rsquo;int\u00e9gralit\u00e9 du document \u00e0 transcrire.<br><br><\/p>\n\n\n\n<div class=\"wp-block-buttons is-content-justification-center is-layout-flex wp-container-core-buttons-is-layout-1 wp-block-buttons-is-layout-flex\">\n<div class=\"wp-block-button is-style-fill\"><a class=\"wp-block-button__link wp-element-button\" href=\"https:\/\/mvic.fr\/?page_id=1055\">Formulaire de demande de devis<\/a><\/div>\n<\/div>\n\n\n\n<h4 class=\"wp-block-heading\"><br>Je ne suis pas parfait<\/h4>\n\n\n\n<p>Malgr\u00e9 une grande exp\u00e9rience acquise dans la lecture des documents anciens, malgr\u00e9 ma d\u00e9termination voire mon obstination, il peut arriver qu&rsquo;un mot m&rsquo;\u00e9chappe ou qu&rsquo;une de mes interpr\u00e9tations soit erron\u00e9e. L&rsquo;approximation ou le doute seront signal\u00e9s. J&rsquo;estime ne jamais \u00eatre capable d&rsquo;atteindre la perfection et j&rsquo;ai plaisir \u00e0 continuer de progresser.<\/p>\n\n\n\n<h4 class=\"wp-block-heading\"><br>Glossaire<\/h4>\n\n\n\n<p><strong><a href=\"https:\/\/mvic.fr\/?page_id=320\" data-type=\"page\" data-id=\"320\">Cliquez ici<\/a><\/strong> pour d\u00e9couvrir quelques termes rencontr\u00e9s dans les transcriptions dont une partie sont sp\u00e9cifiques au sud de la France. <\/p>\n\n\n\n<div style=\"height:30px\" aria-hidden=\"true\" class=\"wp-block-spacer\"><\/div>\n\n\n\n<p>Votre humble et d\u00e9vou\u00e9 serviteur,<br><strong>Nicolas LAWRIW<\/strong><br><span style=\"font-size:14px;\">Pal\u00e9ographe professionnel<\/span><\/p>\n\n\n\n<p><br><\/p>\n<script type=\"text\/javascript\"> toolTips('.classtoolTips14','sive (latin) = ou (conjonction)'); <\/script>","protected":false},"excerpt":{"rendered":"<p>Plus on remonte le temps, plus il parait difficile de d\u00e9chiffrer l&rsquo;\u00e9criture manuscrite. Au-del\u00e0 du XVIIIe si\u00e8cle, le dessin des lettres n&rsquo;est plus le m\u00eame, c&rsquo;est le temps de l&rsquo;\u00e9criture gothique cursive. Notre vision entrain\u00e9e \u00e0 notre \u00e9criture moderne est incapable de reconna\u00eetre l&rsquo;encha\u00eenement de ses lettres aux multiples graphies. Les scribes les moins appliqu\u00e9s ..<\/p>\n<div class=\"clear-fix\"><\/div>\n<p><a href=\"https:\/\/mvic.fr\/?page_id=997\" title=\"Lire la suite...\">Lire la suite<\/a><\/p>\n","protected":false},"author":1,"featured_media":0,"parent":0,"menu_order":0,"comment_status":"closed","ping_status":"closed","template":"","meta":{"footnotes":""},"folder":[],"class_list":["post-997","page","type-page","status-publish","hentry"],"_links":{"self":[{"href":"https:\/\/mvic.fr\/index.php?rest_route=\/wp\/v2\/pages\/997"}],"collection":[{"href":"https:\/\/mvic.fr\/index.php?rest_route=\/wp\/v2\/pages"}],"about":[{"href":"https:\/\/mvic.fr\/index.php?rest_route=\/wp\/v2\/types\/page"}],"author":[{"embeddable":true,"href":"https:\/\/mvic.fr\/index.php?rest_route=\/wp\/v2\/users\/1"}],"replies":[{"embeddable":true,"href":"https:\/\/mvic.fr\/index.php?rest_route=%2Fwp%2Fv2%2Fcomments&post=997"}],"version-history":[{"count":20,"href":"https:\/\/mvic.fr\/index.php?rest_route=\/wp\/v2\/pages\/997\/revisions"}],"predecessor-version":[{"id":1403,"href":"https:\/\/mvic.fr\/index.php?rest_route=\/wp\/v2\/pages\/997\/revisions\/1403"}],"wp:attachment":[{"href":"https:\/\/mvic.fr\/index.php?rest_route=%2Fwp%2Fv2%2Fmedia&parent=997"}],"wp:term":[{"taxonomy":"folder","embeddable":true,"href":"https:\/\/mvic.fr\/index.php?rest_route=%2Fwp%2Fv2%2Ffolder&post=997"}],"curies":[{"name":"wp","href":"https:\/\/api.w.org\/{rel}","templated":true}]}}